{"id":354,"date":"2022-11-24T16:57:18","date_gmt":"2022-11-24T15:57:18","guid":{"rendered":"https:\/\/hadev.de\/?page_id=354"},"modified":"2023-05-23T14:31:44","modified_gmt":"2023-05-23T12:31:44","slug":"startseite-2-0","status":"publish","type":"page","link":"https:\/\/hadev.de\/","title":{"rendered":"Startseite"},"content":{"rendered":"\n<img decoding=\"async\" src=\"http:\/\/hadev.de\/wp-content\/uploads\/2022\/11\/IMG_0023.png\" alt=\"IMG_0023\" itemprop=\"image\" title=\"IMG_0023\" onerror=\"this.style.display='none'\">\n\t<p><strong>Coaching &amp; Beratung<\/strong><\/p>\n\t<p>Als Beraterin unterst\u00fctze ich Unternehmen bei Ver\u00e4nderungen im <strong>HR<\/strong> Bereich. Diese gehen oft mit Change Management Projekten einher.<\/p>\n<p>Als Coach biete ich Privatpersonen eine prozessorientierte Unterst\u00fctzung bei <strong>beruflichen Ver\u00e4nderungen<\/strong>. Auch f\u00fcr Unternehmen hat sich dieses Angebot im Zuge vom <strong>Outplacement<\/strong>&nbsp;bew\u00e4hrt.<\/p>\n\t\t\t<a href=\"https:\/\/hadev.de\/?page_id=498\" target=\"_self\" role=\"button\" rel=\"noopener\">\n\t\t\t\t\t\t\tPrivatpersonen\n\t\t\t\t\t<\/a>\n\t\t\t<a href=\"https:\/\/hadev.de\/?page_id=519\" target=\"_self\" role=\"button\" rel=\"noopener\">\n\t\t\t\t\t\t\tUnternehmen\n\t\t\t\t\t<\/a>\n\t\n\tF\u00fcr Privatpersonen<br>\n<strong>Du m\u00f6chtest dich<\/strong>&nbsp;<strong>beruflich ver\u00e4ndern?<\/strong>\n<p>In meinem Coaching biete ich dir Unterst\u00fctzung an, wenn es um berufliche Themen und Fragestellungen geht.<\/p>\n<p>Ich hole dich Schritt f\u00fcr Schritt genau an dem Punkt ab, an dem du aktuell stehst, egal ob du gerade unzufrieden in deinem Job bist oder ob du Unterst\u00fctzung bei der Umsetzung ben\u00f6tigst.<\/p>\n\t<p><strong>\u21d2 mein Coaching beantwortet dir alle Fragen!<\/strong><\/p>\n\t\t\t<a href=\"https:\/\/hadev.de\/?page_id=498\" target=\"_self\" role=\"button\" rel=\"noopener\">\n\t\t\t\t\t\t\tMehr erfahren\n\t\t\t\t\t<\/a>\n\t\n\t\t\t\t<img decoding=\"async\" src=\"http:\/\/hadev.de\/wp-content\/uploads\/2022\/11\/IMG_0181.png\" alt=\"IMG_0181\" itemprop=\"image\" title=\"IMG_0181\" onerror=\"this.style.display='none'\">\n\tF\u00fcr Unternehmen<br>\n<b>HR Projekte &amp; Outplacement<\/b>\n<p>Durch meine umfangreiche Erfahrung im Recruiting, der Personal- und Organisationsentwicklung sowie in HR-Projekten unterst\u00fctze ich bei dem ganzheitlichen Aufbau und der Weiterentwicklung des HR Managements in Ihrem Unternehmen.<\/p>\n<p>Verlassen Sie sich dabei auf bew\u00e4hrte Prozesse und Methoden, welche wir individuell f\u00fcr Ihr Unternehmen anpassen und optimieren werden.<\/p>\n\t\t\t<a href=\"https:\/\/hadev.de\/?page_id=519\" target=\"_self\" role=\"button\" rel=\"noopener\">\n\t\t\t\t\t\t\tMehr erfahren\n\t\t\t\t\t<\/a>\n\t\n\t<strong>&gt; 8 Jahre Erfahrung<br>\n<\/strong>HR ist<br>\nmeine Leidenschaft\n\t<strong>Remote &amp; vor Ort<br>\n<\/strong>Passend f\u00fcr meine Kundinnen und Kunden\n\t<strong>L\u00f6sungsorientiert<br>\n<\/strong>Langfristige und nachhaltige Prozesse, damit sich die Investition lohnt\n\t<strong>Individuell und pers\u00f6nlich<br>\n<\/strong>Immer angepasst an die jeweilige Situation\n","protected":false},"excerpt":{"rendered":"<p>Coaching &amp; Beratung Als Beraterin unterst\u00fctze ich Unternehmen bei Ver\u00e4nderungen im HR Bereich. Diese gehen oft mit Change Management Projekten einher. Als Coach biete ich Privatpersonen eine prozessorientierte Unterst\u00fctzung bei beruflichen Ver\u00e4nderungen. Auch f\u00fcr Unternehmen hat sich dieses Angebot im Zuge vom Outplacement&nbsp;bew\u00e4hrt. Privatpersonen Unternehmen F\u00fcr Privatpersonen Du m\u00f6chtest dich&nbsp;beruflich ver\u00e4ndern? In meinem Coaching biete [&hellip;]<\/p>\n","protected":false},"author":1,"featured_media":0,"parent":0,"menu_order":0,"comment_status":"closed","ping_status":"closed","template":"","meta":{"gt_page_layout":"","gt_hide_page_title":true,"gt_remove_bottom_margin":true,"footnotes":""},"class_list":["post-354","page","type-page","status-publish","hentry"],"_links":{"self":[{"href":"https:\/\/hadev.de\/index.php?rest_route=\/wp\/v2\/pages\/354","targetHints":{"allow":["GET"]}}],"collection":[{"href":"https:\/\/hadev.de\/index.php?rest_route=\/wp\/v2\/pages"}],"about":[{"href":"https:\/\/hadev.de\/index.php?rest_route=\/wp\/v2\/types\/page"}],"author":[{"embeddable":true,"href":"https:\/\/hadev.de\/index.php?rest_route=\/wp\/v2\/users\/1"}],"replies":[{"embeddable":true,"href":"https:\/\/hadev.de\/index.php?rest_route=%2Fwp%2Fv2%2Fcomments&post=354"}],"version-history":[{"count":44,"href":"https:\/\/hadev.de\/index.php?rest_route=\/wp\/v2\/pages\/354\/revisions"}],"predecessor-version":[{"id":644,"href":"https:\/\/hadev.de\/index.php?rest_route=\/wp\/v2\/pages\/354\/revisions\/644"}],"wp:attachment":[{"href":"https:\/\/hadev.de\/index.php?rest_route=%2Fwp%2Fv2%2Fmedia&parent=354"}],"curies":[{"name":"wp","href":"https:\/\/api.w.org\/{rel}","templated":true}]}}