{"id":498,"date":"2023-05-06T10:52:17","date_gmt":"2023-05-06T08:52:17","guid":{"rendered":"https:\/\/hadev.de\/?page_id=498"},"modified":"2023-08-31T17:43:58","modified_gmt":"2023-08-31T15:43:58","slug":"privatpersonen","status":"publish","type":"page","link":"https:\/\/hadev.de\/?page_id=498","title":{"rendered":"Privatpersonen"},"content":{"rendered":"\n<h1>Karriere-, Job- oder Bewerbungscoaching<\/h1>\n\t<p>Ein Coaching mit mir f\u00fchrt zu einer deutlicheren Sichtweise, die dir deine <strong>Ziele<\/strong> wieder bewusst macht und zeigt, wie du diese endlich <strong>umsetzt<\/strong>.<\/p>\n<p>Ich helfe dir, dich f\u00fcr deinen <strong>Traumjob<\/strong> zu bewerben.<\/p>\n\t<p>Durch meine Arbeit und Begleitung erh\u00e4ltst du:<\/p>\n<ul>\n<li>Klarheit \u00fcber die anstehenden n\u00e4chsten Schritte in deiner Karriere<\/li>\n<li>Fachwissen und Erfahrungswerte \u00fcber den momentanen Arbeitsmarkt&nbsp;<\/li>\n<li>schrittweise Prozessbegleitung bei\n<ul>\n<li>deiner Karriereplanung<\/li>\n<li>deiner Jobsuche<\/li>\n<li>dem Erstellen deiner Bewerbung<\/li>\n<\/ul>\n<\/li>\n<li>Selbstvertrauen f\u00fcr deine anstehenden Herausforderungen<\/li>\n<li>mehr Gelassenheit durch meine Erfahrung&nbsp;<\/li>\n<\/ul>\n\t\t\t<a href=\"https:\/\/hadev.de\/?page_id=80\" target=\"_self\" role=\"button\" rel=\"noopener\">\n\t\t\t\t\t\t\tZum Erstgespr\u00e4ch!\n\t\t\t\t\t<\/a>\n\t<h1>Was erwartet dich?<\/h1>\n\t\t\t\t<img decoding=\"async\" src=\"http:\/\/hadev.de\/wp-content\/uploads\/2023\/05\/Check-der-Bewerbungsunterlagen.png\" alt=\"Check der Bewerbungsunterlagen\" itemprop=\"image\" title=\"Check der Bewerbungsunterlagen\" onerror=\"this.style.display='none'\">\n\t<h1>Produkte<\/h1>\n\t<h5><b>Rundum sorglos &#8211; Coaching<\/b><\/h5>\n<ul>\n<li aria-level=\"1\">8-12-w\u00f6chige Begleitung<\/li>\n<li aria-level=\"1\">2x w\u00f6chentliche Coaching-Session&nbsp;\u00e0 45 Minuten<\/li>\n<li aria-level=\"1\">Individuelle Beratung zwischen den Sessions<\/li>\n<li aria-level=\"1\">Impulse, Vorlagen, Muster und Beispiele&nbsp;<\/li>\n<li aria-level=\"1\">Strategien und Vorgehensweisen<\/li>\n<li aria-level=\"1\">Nachhaltiger Mehrwert duch Informationen \u00fcber Ver\u00e4nderungen auch nach dem Coaching<\/li>\n<\/ul>\n\t<p>&nbsp;<\/p>\n\t<h5><b>SOS &#8211; Coaching<\/b><\/h5>\n<ul>\n<li aria-level=\"1\">4-w\u00f6chige Begleitung<\/li>\n<li aria-level=\"1\">Sichtung der vorhandenen Bewerbungsunterlagen<\/li>\n<li aria-level=\"1\">W\u00f6chentliche Coaching Session&nbsp;\u00e0 60 Minuten&nbsp;<\/li>\n<li aria-level=\"1\">Individuelle Beratung zwischen den Sessions<\/li>\n<li>Eigenst\u00e4ndige umfangreiche Vor- und Nachbereitung<\/li>\n<\/ul>\n\t<h5><b>Bewerbungs &#8211; Check<\/b><\/h5>\n<ul>\n<li aria-level=\"1\">Sichtung der vorhandenen Bewerbungsunterlagen<\/li>\n<li aria-level=\"1\">Individuelle Verbesserungsvorschl\u00e4ge durch Anmerkungen<\/li>\n<li aria-level=\"1\">20 min. Mini &#8211; Call f\u00fcr R\u00fcckfragen<\/li>\n<\/ul>\n\t<h5><b>Refresh &#8211; Coaching<\/b><\/h5>\n<ul>\n<li aria-level=\"1\">Gilt nur f\u00fcr Bestandskund:innen<\/li>\n<li aria-level=\"1\">2 Coaching-Einheiten \u00e0 45 Minuten<\/li>\n<li aria-level=\"1\">Bearbeitung einer aktuellen Thematik<\/li>\n<li aria-level=\"1\">Eigenst\u00e4ndige umfangreiche Vor- und Nachbereitung<\/li>\n<\/ul>\n\t<p>*Preise auf Anfrage<\/p>\n\t\t\t<a href=\"https:\/\/hadev.de\/?page_id=80\" target=\"_self\" role=\"button\" rel=\"noopener\">\n\t\t\t\t\t\t\tZum Erstgespr\u00e4ch!\n\t\t\t\t\t<\/a>\n\t<h1>Step by Step<\/h1>\n\t<p>In einem ersten Gespr\u00e4ch kl\u00e4ren wir die Ausgangslage, das Ziel und eine m\u00f6gliche <strong>Zusammenarbeit<\/strong>.<\/p>\n\t<p>W\u00e4hrend der regelm\u00e4\u00dfigen Coaching &#8211; Termine erarbeiten wir&nbsp;L\u00f6sungen f\u00fcr&nbsp;ein zuvor definiertes <strong>Ziel<\/strong>. Hierbei wird das Ziel regelm\u00e4\u00dfig hinterfragt und gegebenenfalls noch einmal angepasst.<\/p>\n\t<p>Das Coaching hilft, Situationen &nbsp;zu <strong>verstehen.<\/strong> Anschlie\u00dfend werden wir in einem definierten Prozess, Schritt f\u00fcr Schritt die richtigen <strong>Handlungen<\/strong> ansto\u00dfen und somit in die Umsetzung deiner Ziele gehen.<\/p>\n\t<p>Am Ende des Coachings geht es darum, den Prozess und die damit verbundenen Ver\u00e4nderungen zu <strong>reflektieren<\/strong> und zu <strong>verinnerlichen<\/strong>.<\/p>\n","protected":false},"excerpt":{"rendered":"<p>Karriere-, Job- oder Bewerbungscoaching Ein Coaching mit mir f\u00fchrt zu einer deutlicheren Sichtweise, die dir deine Ziele wieder bewusst macht und zeigt, wie du diese endlich umsetzt. Ich helfe dir, dich f\u00fcr deinen Traumjob zu bewerben. Durch meine Arbeit und Begleitung erh\u00e4ltst du: Klarheit \u00fcber die anstehenden n\u00e4chsten Schritte in deiner Karriere Fachwissen und Erfahrungswerte [&hellip;]<\/p>\n","protected":false},"author":1,"featured_media":0,"parent":0,"menu_order":1,"comment_status":"closed","ping_status":"closed","template":"","meta":{"gt_page_layout":"","gt_hide_page_title":true,"gt_remove_bottom_margin":true,"footnotes":""},"class_list":["post-498","page","type-page","status-publish","hentry"],"_links":{"self":[{"href":"https:\/\/hadev.de\/index.php?rest_route=\/wp\/v2\/pages\/498","targetHints":{"allow":["GET"]}}],"collection":[{"href":"https:\/\/hadev.de\/index.php?rest_route=\/wp\/v2\/pages"}],"about":[{"href":"https:\/\/hadev.de\/index.php?rest_route=\/wp\/v2\/types\/page"}],"author":[{"embeddable":true,"href":"https:\/\/hadev.de\/index.php?rest_route=\/wp\/v2\/users\/1"}],"replies":[{"embeddable":true,"href":"https:\/\/hadev.de\/index.php?rest_route=%2Fwp%2Fv2%2Fcomments&post=498"}],"version-history":[{"count":40,"href":"https:\/\/hadev.de\/index.php?rest_route=\/wp\/v2\/pages\/498\/revisions"}],"predecessor-version":[{"id":647,"href":"https:\/\/hadev.de\/index.php?rest_route=\/wp\/v2\/pages\/498\/revisions\/647"}],"wp:attachment":[{"href":"https:\/\/hadev.de\/index.php?rest_route=%2Fwp%2Fv2%2Fmedia&parent=498"}],"curies":[{"name":"wp","href":"https:\/\/api.w.org\/{rel}","templated":true}]}}