{"id":519,"date":"2023-05-06T12:41:37","date_gmt":"2023-05-06T10:41:37","guid":{"rendered":"https:\/\/hadev.de\/?page_id=519"},"modified":"2023-08-31T17:40:07","modified_gmt":"2023-08-31T15:40:07","slug":"unternehmen","status":"publish","type":"page","link":"https:\/\/hadev.de\/?page_id=519","title":{"rendered":"Unternehmen"},"content":{"rendered":"\n<h1>Gemeinsam umsetzen<\/h1>\n\t<p>Der <strong>Wandel<\/strong> am Arbeitsmarkt und die kontinuierliche Ver\u00e4nderung stellt Unternehmen immer wieder vor eine neue Herausforderung. Sie m\u00fcssen die Kompetenzen ihrer Mitarbeiterinnen und Mitarbeiter ausbauen und den <strong>Bed\u00fcrfnissen<\/strong> anpassen.<\/p>\n<p>Durch unsere Zusammenarbeit \u00e4ndern wir den Blickwinkel und optimieren die bestehenden Prozesse.<\/p>\n\t\t\t\t<img decoding=\"async\" src=\"http:\/\/hadev.de\/wp-content\/uploads\/2020\/11\/Beschaeftigungszyklus.png\" alt=\"\u00a9 HADEV 2023\" itemprop=\"image\" title=\"Beschaeftigungszyklus\" onerror=\"this.style.display='none'\">\n\t\t\t\t\t\t\u00a9 HADEV 2023\n\t\t\t<a href=\"https:\/\/hadev.de\/?page_id=80\" target=\"_self\" role=\"button\" rel=\"noopener\">\n\t\t\t\t\t\t\tZum Erstgespr\u00e4ch!\n\t\t\t\t\t<\/a>\n\t<h1>Meine Expertise im \u00dcberblick<\/h1>\n\t<ul>\n<li>Personalrecruiting von Fach- und F\u00fchrungskr\u00e4ften<\/li>\n<li>Erstellung von Anforderungsprofilen &amp; Schaltung von Stellenausschreibungen<\/li>\n<li>kompetenzbasierte Video- und Telefoninterviews sowie Vorstellungsgespr\u00e4che<\/li>\n<li>zielgruppenorientierte Recruiting &#8211; Aktivit\u00e4ten (wie z.B. Active Sourcing, Social Media etc.)<\/li>\n<li>Employer Branding &amp; Personalmarketing<\/li>\n<\/ul>\n\t<ul>\n<li>Entwicklung und Umsetzung von HR-Strategien &amp; Digitalisierungsstrategien<\/li>\n<li>Entwicklung und Implementierung von Leitbildern &amp; Unternehmenswerten<\/li>\n<li>Onboarding, Talentmanagement, F\u00fchrungskr\u00e4fteentwicklung, Eignungsdiagnostik, Offboarding, Outplacement<\/li>\n<\/ul>\n\t<ul>\n<li>Entwicklung und Einf\u00fchrung von Onboardingkonzepten f\u00fcr Unternehmen<\/li>\n<li>Einf\u00fchrung von Recruitingsoftware<\/li>\n<li>Digitalisierung der Recruiting- und Personalprozesse<\/li>\n<li>Mitarbeiter:innenbefragung &amp; Implementierung von Unternehmensleitlinien<\/li>\n<\/ul>\n\t<h1>Produkte<\/h1>\n\t<h2>Beratung<\/h2>\n<p>Feedback, Anregungen und Unterst\u00fctzung zu Ihren individuellen Herausforderungen<\/p>\n<ul>\n<li aria-level=\"1\">Analyse der Prozesse und Abl\u00e4ufe&nbsp;<\/li>\n<li aria-level=\"1\">\u00c4nderung des Blickwinkels<\/li>\n<li aria-level=\"1\">Individuelle Beratung zu Ihren M\u00f6glichkeiten<\/li>\n<li aria-level=\"1\">Strategien und Vorgehensweisen<\/li>\n<li aria-level=\"1\">Impulse, Vorlagen, Muster und Beispiele f\u00fcr die Umsetzung<\/li>\n<\/ul>\n\t<h2>Projektmanagement<\/h2>\n<p>Sie haben ein Projekt und Ihnen fehlen die Ressourcen?&nbsp;<\/p>\nIch unterst\u00fctze&#8230;<br>\n&#8230; von Beginn an<br>\n&#8230; wenn die Zeit knapp wird und Ressourcen fehlen<br>\n&#8230; nicht ausreichend Erfahrung vorhanden ist\n\t<h2>Outplacement<\/h2>\n<p>Sie m\u00f6chten sich von Mitarbeiter:innen trennen. Das ist selten eine sch\u00f6ne Situation. Durch mein Outplacement-Programm biete ich Ihnen die M\u00f6glichkeit dies mit viel Wertsch\u00e4tzung zu tun.&nbsp;<\/p>\nBieten Sie Ihren Mitarbeiter:innen mein <strong><a href=\"https:\/\/hadev.de\/?page_id=498\">Rundum sorglos &#8211; Coaching<\/a>&nbsp;<\/strong>an und sorgen Sie f\u00fcr einen wertsch\u00e4tzenden Trennungsprozess.<br>\n\n\t<p>*Preise auf Anfrage<\/p>\n","protected":false},"excerpt":{"rendered":"<p>Gemeinsam umsetzen Der Wandel am Arbeitsmarkt und die kontinuierliche Ver\u00e4nderung stellt Unternehmen immer wieder vor eine neue Herausforderung. Sie m\u00fcssen die Kompetenzen ihrer Mitarbeiterinnen und Mitarbeiter ausbauen und den Bed\u00fcrfnissen anpassen. Durch unsere Zusammenarbeit \u00e4ndern wir den Blickwinkel und optimieren die bestehenden Prozesse. \u00a9 HADEV 2023 Zum Erstgespr\u00e4ch! Meine Expertise im \u00dcberblick Personalrecruiting von Fach- [&hellip;]<\/p>\n","protected":false},"author":1,"featured_media":0,"parent":0,"menu_order":2,"comment_status":"closed","ping_status":"closed","template":"","meta":{"gt_page_layout":"","gt_hide_page_title":true,"gt_remove_bottom_margin":true,"footnotes":""},"class_list":["post-519","page","type-page","status-publish","hentry"],"_links":{"self":[{"href":"https:\/\/hadev.de\/index.php?rest_route=\/wp\/v2\/pages\/519","targetHints":{"allow":["GET"]}}],"collection":[{"href":"https:\/\/hadev.de\/index.php?rest_route=\/wp\/v2\/pages"}],"about":[{"href":"https:\/\/hadev.de\/index.php?rest_route=\/wp\/v2\/types\/page"}],"author":[{"embeddable":true,"href":"https:\/\/hadev.de\/index.php?rest_route=\/wp\/v2\/users\/1"}],"replies":[{"embeddable":true,"href":"https:\/\/hadev.de\/index.php?rest_route=%2Fwp%2Fv2%2Fcomments&post=519"}],"version-history":[{"count":20,"href":"https:\/\/hadev.de\/index.php?rest_route=\/wp\/v2\/pages\/519\/revisions"}],"predecessor-version":[{"id":645,"href":"https:\/\/hadev.de\/index.php?rest_route=\/wp\/v2\/pages\/519\/revisions\/645"}],"wp:attachment":[{"href":"https:\/\/hadev.de\/index.php?rest_route=%2Fwp%2Fv2%2Fmedia&parent=519"}],"curies":[{"name":"wp","href":"https:\/\/api.w.org\/{rel}","templated":true}]}}