{"id":525,"date":"2023-05-06T13:23:40","date_gmt":"2023-05-06T11:23:40","guid":{"rendered":"https:\/\/hadev.de\/?page_id=525"},"modified":"2023-08-31T22:25:39","modified_gmt":"2023-08-31T20:25:39","slug":"ueber-mich","status":"publish","type":"page","link":"https:\/\/hadev.de\/?page_id=525","title":{"rendered":"\u00dcber mich"},"content":{"rendered":"\n\n\t<p>Ich helfe dir, dich f\u00fcr deinen Traumjob zu bewerben.<\/p>\n<p>Ich berate Unternehmen hinsichtlich der Themen Recruiting, Personal- &amp; Organisationsentwicklung, Projektmanagement und Outplacement. Hierbei unterst\u00fctze ich durch mein Coaching.<\/p>\n\t\t\t<a href=\"https:\/\/hadev.de\/?page_id=80\" target=\"_self\" role=\"button\" rel=\"noopener\">\n\t\t\t\t\t\t\tZum Erstgespr\u00e4ch!\n\t\t\t\t\t<\/a>\n\t\t\t\t<img decoding=\"async\" src=\"http:\/\/hadev.de\/wp-content\/uploads\/2022\/11\/IMG_0382-225x300.png\" alt=\"IMG_0382\" itemprop=\"image\" title=\"IMG_0382\" onerror=\"this.style.display='none'\"  \/>\n\t<h1>Beruflicher Werdegang<\/h1>\n<p>Seit <strong>2020<\/strong> selbstst\u00e4ndig.<\/p>\n<hr \/>\n<p><strong>Personalentwicklung\u00a0<\/strong>Kingspan Light + Air GmbH\u00a0\u2022 HAMO project GmbH &amp; Co. KG<\/p>\n<hr \/>\n<p><strong>Recruiting\u00a0<\/strong>HAMO project GmbH &amp; Co. KG \u2022 Bru\u0308der Schlau GmbH &amp; Co. KG \u2022 Kingspan Light + Air GmbH<\/p>\n<hr \/>\n<p><b>Einf\u00fchrung von\u00a0Recruitingsoftware\u00a0<\/b>Ko\u0308gel Bau GmbH \u2022 Bru\u0308der Schlau GmbH &amp; Co. KG<\/p>\n<hr \/>\n<p><strong>Entwicklung und Einf\u00fchrung von Onboardingkonzepten\u00a0<\/strong>Moysig Retail Design GmbH \u2022\u00a0Ko\u0308gel Bau GmbH<\/p>\n\t<h1>Ausbildungen und Qualifikationen<\/h1>\n<p><strong>2020\u00a0<\/strong>Zertifizierung zum Business Coach (COATRAIN\u00aecoaching &amp; personal training GmbH, Hamburg)<\/p>\n<hr \/>\n<p><strong>2017\u00a0<\/strong>Berufs- und Arbeitspa\u0308dagogische Eignung (IHK Ostwestfalen zu Bielefeld, Bielefeld)<\/p>\n<hr \/>\n<p><strong>2011-2017<\/strong>\u00a0Studium Business Administration (B.A.) und Management Human Resources\u00a0(M.A.)<\/p>\n<hr \/>\n<p>&nbsp;<\/p>\n\n","protected":false},"excerpt":{"rendered":"<p>Ich helfe dir, dich f\u00fcr deinen Traumjob zu bewerben. Ich berate Unternehmen hinsichtlich der Themen Recruiting, Personal- &amp; Organisationsentwicklung, Projektmanagement und Outplacement. Hierbei unterst\u00fctze ich durch mein Coaching. Zum Erstgespr\u00e4ch! Beruflicher Werdegang Seit 2020 selbstst\u00e4ndig. Personalentwicklung\u00a0Kingspan Light + Air GmbH\u00a0\u2022 HAMO project GmbH &amp; Co. KG Recruiting\u00a0HAMO project GmbH &amp; Co. KG \u2022 Bru\u0308der Schlau [&hellip;]<\/p>\n","protected":false},"author":1,"featured_media":0,"parent":0,"menu_order":3,"comment_status":"closed","ping_status":"closed","template":"","meta":{"gt_page_layout":"","gt_hide_page_title":true,"gt_remove_bottom_margin":true,"footnotes":""},"class_list":["post-525","page","type-page","status-publish","hentry"],"_links":{"self":[{"href":"https:\/\/hadev.de\/index.php?rest_route=\/wp\/v2\/pages\/525","targetHints":{"allow":["GET"]}}],"collection":[{"href":"https:\/\/hadev.de\/index.php?rest_route=\/wp\/v2\/pages"}],"about":[{"href":"https:\/\/hadev.de\/index.php?rest_route=\/wp\/v2\/types\/page"}],"author":[{"embeddable":true,"href":"https:\/\/hadev.de\/index.php?rest_route=\/wp\/v2\/users\/1"}],"replies":[{"embeddable":true,"href":"https:\/\/hadev.de\/index.php?rest_route=%2Fwp%2Fv2%2Fcomments&post=525"}],"version-history":[{"count":12,"href":"https:\/\/hadev.de\/index.php?rest_route=\/wp\/v2\/pages\/525\/revisions"}],"predecessor-version":[{"id":664,"href":"https:\/\/hadev.de\/index.php?rest_route=\/wp\/v2\/pages\/525\/revisions\/664"}],"wp:attachment":[{"href":"https:\/\/hadev.de\/index.php?rest_route=%2Fwp%2Fv2%2Fmedia&parent=525"}],"curies":[{"name":"wp","href":"https:\/\/api.w.org\/{rel}","templated":true}]}}